{"id":38344,"date":"2025-09-30T07:33:09","date_gmt":"2025-09-30T05:33:09","guid":{"rendered":"https:\/\/joyplus.at\/imprint\/"},"modified":"2026-01-05T22:55:53","modified_gmt":"2026-01-05T21:55:53","slug":"imprint","status":"publish","type":"page","link":"https:\/\/joyplus.at\/en\/imprint\/","title":{"rendered":"Imprint"},"content":{"rendered":"\t\t<div data-elementor-type=\"wp-page\" data-elementor-id=\"38344\" class=\"elementor elementor-38344 elementor-34737\" data-elementor-post-type=\"page\">\n\t\t\t\t<div class=\"elementor-element elementor-element-814344c e-con-full e-flex e-con e-parent\" data-id=\"814344c\" data-element_type=\"container\" data-e-type=\"container\">\n\t\t\t\t<div class=\"elementor-element elementor-element-b572c6f elementor-widget elementor-widget-image\" data-id=\"b572c6f\" data-element_type=\"widget\" data-e-type=\"widget\" data-widget_type=\"image.default\">\n\t\t\t\t\t\t\t\t\t\t\t\t\t\t\t<img fetchpriority=\"high\" decoding=\"async\" width=\"960\" height=\"288\" src=\"https:\/\/i0.wp.com\/joyplus.at\/wp-content\/uploads\/2025\/09\/Impressum-3-scaled.png?fit=960%2C288&amp;ssl=1\" class=\"attachment-large size-large wp-image-38351\" alt=\"\" srcset=\"https:\/\/i0.wp.com\/joyplus.at\/wp-content\/uploads\/2025\/09\/Impressum-3-scaled.png?w=2560&amp;ssl=1 2560w, https:\/\/i0.wp.com\/joyplus.at\/wp-content\/uploads\/2025\/09\/Impressum-3-scaled.png?resize=300%2C90&amp;ssl=1 300w, https:\/\/i0.wp.com\/joyplus.at\/wp-content\/uploads\/2025\/09\/Impressum-3-scaled.png?resize=1024%2C307&amp;ssl=1 1024w, https:\/\/i0.wp.com\/joyplus.at\/wp-content\/uploads\/2025\/09\/Impressum-3-scaled.png?resize=768%2C230&amp;ssl=1 768w, https:\/\/i0.wp.com\/joyplus.at\/wp-content\/uploads\/2025\/09\/Impressum-3-scaled.png?resize=1536%2C461&amp;ssl=1 1536w, https:\/\/i0.wp.com\/joyplus.at\/wp-content\/uploads\/2025\/09\/Impressum-3-scaled.png?w=1920&amp;ssl=1 1920w\" sizes=\"(max-width: 960px) 100vw, 960px\" \/>\t\t\t\t\t\t\t\t\t\t\t\t\t\t\t<\/div>\n\t\t\t\t<\/div>\n\t\t<div class=\"elementor-element elementor-element-0c7829a e-flex e-con-boxed e-con e-parent\" data-id=\"0c7829a\" data-element_type=\"container\" data-e-type=\"container\">\n\t\t\t\t\t<div class=\"e-con-inner\">\n\t\t\t\t<div class=\"elementor-element elementor-element-2211009 elementor-widget elementor-widget-spacer\" data-id=\"2211009\" data-element_type=\"widget\" data-e-type=\"widget\" data-widget_type=\"spacer.default\">\n\t\t\t\t\t\t\t<div class=\"elementor-spacer\">\n\t\t\t<div class=\"elementor-spacer-inner\"><\/div>\n\t\t<\/div>\n\t\t\t\t\t\t<\/div>\n\t\t\t\t<div class=\"elementor-element elementor-element-c99f136 elementor-widget elementor-widget-heading\" data-id=\"c99f136\" data-element_type=\"widget\" data-e-type=\"widget\" data-widget_type=\"heading.default\">\n\t\t\t\t\t<h2 class=\"elementor-heading-title elementor-size-default\">Responsible for the content:<\/h2>\t\t\t\t<\/div>\n\t\t\t\t\t<\/div>\n\t\t\t\t<\/div>\n\t\t<div class=\"elementor-element elementor-element-fadb511 e-flex e-con-boxed e-con e-parent\" data-id=\"fadb511\" data-element_type=\"container\" data-e-type=\"container\">\n\t\t\t\t\t<div class=\"e-con-inner\">\n\t\t<div class=\"elementor-element elementor-element-30508d5 e-grid e-con-full e-con e-child\" data-id=\"30508d5\" data-element_type=\"container\" data-e-type=\"container\">\n\t\t\t\t<div class=\"elementor-element elementor-element-3a05dbb elementor-widget elementor-widget-text-editor\" data-id=\"3a05dbb\" data-element_type=\"widget\" data-e-type=\"widget\" data-widget_type=\"text-editor.default\">\n\t\t\t\t\t\t\t\t\t<p data-start=\"195\" data-end=\"311\"><strong data-start=\"195\" data-end=\"234\">JOYPLUS &#8211; Chauffeurservice <\/strong><br data-start=\"234\" data-end=\"237\">Owner: <strong data-start=\"246\" data-end=\"264\">Ahmad Shikhani<\/strong><br data-start=\"264\" data-end=\"267\">Josef-Weinheber-Stra\u00dfe 8a <br data-start=\"281\" data-end=\"284\">5204 Stra\u00dfwalchen<\/p><p data-start=\"313\" data-end=\"372\"><img decoding=\"async\" class=\"emoji\" role=\"img\" draggable=\"false\" src=\"https:\/\/s.w.org\/images\/core\/emoji\/16.0.1\/svg\/1f4de.svg\" alt=\"\ud83d\udcde\">  +43 66499433133<br data-start=\"324\" data-end=\"327\"><img decoding=\"async\" class=\"emoji\" role=\"img\" draggable=\"false\" src=\"https:\/\/s.w.org\/images\/core\/emoji\/16.0.1\/svg\/1f4e7.svg\" alt=\"\ud83d\udce7\"> <a href=\"mailto:Info@joyplus.at\">Info@joyplus.at<\/a><br data-start=\"355\" data-end=\"358\"><img decoding=\"async\" class=\"emoji\" role=\"img\" draggable=\"false\" src=\"https:\/\/s.w.org\/images\/core\/emoji\/16.0.1\/svg\/1f310.svg\" alt=\"\ud83c\udf10\"><a href=\"https:\/\/joyplus.at\/en\/\"> www.joyplus.at<\/a><\/p><p data-start=\"313\" data-end=\"372\"><strong>Transparency &amp; responsibility<\/strong><br data-start=\"452\" data-end=\"455\">JoyPlus stands for the highest quality, discretion and reliability in the field of chauffeur and transfer services. As a licensed company with an officially certified business license, we comply with all legal requirements in Austria and Germany. Our guests can rest assured that all journeys are legally secure, professionally carried out and planned with the utmost care.  <\/p>\t\t\t\t\t\t\t\t<\/div>\n\t\t\t\t<div class=\"elementor-element elementor-element-57d6313 elementor-widget elementor-widget-text-editor\" data-id=\"57d6313\" data-element_type=\"widget\" data-e-type=\"widget\" data-widget_type=\"text-editor.default\">\n\t\t\t\t\t\t\t\t\t<p data-start=\"560\" data-end=\"598\"><strong data-start=\"560\" data-end=\"581\">Management:<\/strong> Ahmad Shikhani<\/p><p data-start=\"600\" data-end=\"618\"><strong data-start=\"600\" data-end=\"616\">UID numbers:<\/strong><\/p><ul data-start=\"619\" data-end=\"675\"><li data-start=\"619\" data-end=\"646\"><p data-start=\"621\" data-end=\"646\">Austria: ATU81702748<\/p><\/li><li data-start=\"647\" data-end=\"675\"><p data-start=\"649\" data-end=\"675\">Germany: DE454399203<\/p><\/li><\/ul><p data-start=\"677\" data-end=\"705\"><strong data-start=\"677\" data-end=\"703\">Business licenses:<\/strong><\/p><ul data-start=\"706\" data-end=\"780\"><li data-start=\"706\" data-end=\"745\"><p data-start=\"708\" data-end=\"745\">Passenger transportation by car<\/p><\/li><li data-start=\"746\" data-end=\"780\"><p data-start=\"748\" data-end=\"780\">Operation of a cab radio center<\/p><\/li><\/ul><p data-start=\"782\" data-end=\"850\"><strong data-start=\"782\" data-end=\"797\">Specialist group:<\/strong><br data-start=\"797\" data-end=\"800\">Passenger transportation &#8211; Salzburg Chamber of Commerce<\/p><p data-start=\"852\" data-end=\"919\"><strong data-start=\"852\" data-end=\"874\">Authority according to ECG:<\/strong><br data-start=\"874\" data-end=\"877\">Bezirkshauptmannschaft Salzburg-Umgebung<\/p><p data-start=\"921\" data-end=\"965\"><strong data-start=\"921\" data-end=\"939\">Place of jurisdiction:<\/strong><br data-start=\"939\" data-end=\"942\">Neumarkt am Wallersee<\/p><hr data-start=\"967\" data-end=\"970\"><p data-start=\"972\" data-end=\"1002\">\ud83d\udd17 F <strong data-start=\"975\" data-end=\"1000\">urther links:<\/strong><\/p><ul data-start=\"1003\" data-end=\"1084\"><li data-start=\"1003\" data-end=\"1016\"><p data-start=\"1005\" data-end=\"1016\"><a class=\"decorated-link\" href=\"https:\/\/joyplus.at\/wp-content\/uploads\/2024\/11\/Joyplus-Logo.png\" rel=\"noopener\" data-start=\"1005\" data-end=\"1014\">Logo<\/a><\/p><\/li><li data-start=\"1017\" data-end=\"1063\"><p data-start=\"1019\" data-end=\"1063\"><a class=\"decorated-link\" href=\"https:\/\/joyplus.at\/joyplus-agb\/\" rel=\"noopener\" data-start=\"1019\" data-end=\"1061\">General Terms and Conditions (AGB)<\/a><\/p><\/li><li data-start=\"1064\" data-end=\"1084\"><p data-start=\"1066\" data-end=\"1084\"><a class=\"decorated-link\" href=\"https:\/\/joyplus.at\/en\/privacy-policy-joyplus\/\" rel=\"noopener\" data-start=\"1066\" data-end=\"1082\">Data protection<\/a><\/p><\/li><\/ul>\t\t\t\t\t\t\t\t<\/div>\n\t\t\t\t<\/div>\n\t\t\t\t\t<\/div>\n\t\t\t\t<\/div>\n\t\t\t\t<\/div>\n\t\t","protected":false},"excerpt":{"rendered":"<p>Responsible for the content: JOYPLUS &#8211; Chauffeurservice Owner: Ahmad ShikhaniJosef-Weinheber-Stra\u00dfe 8a 5204 Stra\u00dfwalchen +43 66499433133 Info@joyplus.at www.joyplus.at Transparency &amp; responsibilityJoyPlus stands for the highest quality, discretion and reliability in the field of chauffeur and transfer services. As a licensed company with an officially certified business license, we comply with all legal requirements in Austria and&#8230; <\/p>\n<div class=\"clear\"><\/div>\n<p><a href=\"https:\/\/joyplus.at\/en\/imprint\/\" class=\"limoking-button large excerpt-read-more\">Read More<\/a><\/p>\n","protected":false},"author":1,"featured_media":0,"parent":0,"menu_order":0,"comment_status":"closed","ping_status":"closed","template":"","meta":{"jetpack_post_was_ever_published":true,"_glsr_average":0,"_glsr_ranking":0,"_glsr_reviews":0,"footnotes":""},"class_list":["post-38344","page","type-page","status-publish","hentry"],"yoast_head":"<!-- This site is optimized with the Yoast SEO Premium plugin v27.1 (Yoast SEO v27.1.1) - https:\/\/yoast.com\/product\/yoast-seo-premium-wordpress\/ -->\n<title>Imprint &#183; Joyplus<\/title>\n<meta name=\"robots\" content=\"index, follow, max-snippet:-1, max-image-preview:large, max-video-preview:-1\" \/>\n<link rel=\"canonical\" href=\"https:\/\/joyplus.at\/en\/imprint\/\" \/>\n<meta property=\"og:locale\" content=\"en_US\" \/>\n<meta property=\"og:type\" content=\"article\" \/>\n<meta property=\"og:title\" content=\"Imprint\" \/>\n<meta property=\"og:description\" content=\"Responsible for the content: JOYPLUS &#8211; Chauffeurservice Owner: Ahmad ShikhaniJosef-Weinheber-Stra\u00dfe 8a 5204 Stra\u00dfwalchen +43 66499433133 Info@joyplus.at www.joyplus.at Transparency &amp; responsibilityJoyPlus stands for the highest quality, discretion and reliability in the field of chauffeur and transfer services. As a licensed company with an officially certified business license, we comply with all legal requirements in Austria and... Read More\" \/>\n<meta property=\"og:url\" content=\"https:\/\/joyplus.at\/en\/imprint\/\" \/>\n<meta property=\"og:site_name\" content=\"Joyplus\" \/>\n<meta property=\"article:publisher\" content=\"https:\/\/www.facebook.com\/people\/JoyplusAustria\/61570011538878\/\" \/>\n<meta property=\"article:modified_time\" content=\"2026-01-05T21:55:53+00:00\" \/>\n<meta property=\"og:image\" content=\"https:\/\/i0.wp.com\/joyplus.at\/wp-content\/uploads\/2025\/09\/Impressum-3-scaled.png?fit=960%2C288&amp;ssl=1\" \/>\n<meta name=\"twitter:card\" content=\"summary_large_image\" \/>\n<meta name=\"twitter:label1\" content=\"Est. reading time\" \/>\n\t<meta name=\"twitter:data1\" content=\"1 minute\" \/>\n<script type=\"application\/ld+json\" class=\"yoast-schema-graph\">{\"@context\":\"https:\/\/schema.org\",\"@graph\":[{\"@type\":\"WebPage\",\"@id\":\"https:\/\/joyplus.at\/en\/imprint\/\",\"url\":\"https:\/\/joyplus.at\/en\/imprint\/\",\"name\":\"Imprint &#183; Joyplus\",\"isPartOf\":{\"@id\":\"https:\/\/joyplus.at\/en\/#website\"},\"primaryImageOfPage\":{\"@id\":\"https:\/\/joyplus.at\/en\/imprint\/#primaryimage\"},\"image\":{\"@id\":\"https:\/\/joyplus.at\/en\/imprint\/#primaryimage\"},\"thumbnailUrl\":\"https:\/\/i0.wp.com\/joyplus.at\/wp-content\/uploads\/2025\/09\/Impressum-3-scaled.png?fit=960%2C288&amp;ssl=1\",\"datePublished\":\"2025-09-30T05:33:09+00:00\",\"dateModified\":\"2026-01-05T21:55:53+00:00\",\"breadcrumb\":{\"@id\":\"https:\/\/joyplus.at\/en\/imprint\/#breadcrumb\"},\"inLanguage\":\"en-US\",\"potentialAction\":[{\"@type\":\"ReadAction\",\"target\":[\"https:\/\/joyplus.at\/en\/imprint\/\"]}]},{\"@type\":\"ImageObject\",\"inLanguage\":\"en-US\",\"@id\":\"https:\/\/joyplus.at\/en\/imprint\/#primaryimage\",\"url\":\"https:\/\/i0.wp.com\/joyplus.at\/wp-content\/uploads\/2025\/09\/Impressum-3-scaled.png?fit=960%2C288&amp;ssl=1\",\"contentUrl\":\"https:\/\/i0.wp.com\/joyplus.at\/wp-content\/uploads\/2025\/09\/Impressum-3-scaled.png?fit=960%2C288&amp;ssl=1\"},{\"@type\":\"BreadcrumbList\",\"@id\":\"https:\/\/joyplus.at\/en\/imprint\/#breadcrumb\",\"itemListElement\":[{\"@type\":\"ListItem\",\"position\":1,\"name\":\"Home\",\"item\":\"https:\/\/joyplus.at\/en\/\"},{\"@type\":\"ListItem\",\"position\":2,\"name\":\"Imprint\"}]},{\"@type\":\"WebSite\",\"@id\":\"https:\/\/joyplus.at\/en\/#website\",\"url\":\"https:\/\/joyplus.at\/en\/\",\"name\":\"Joyplus\",\"description\":\"Professionelle Taxi- und VIP-Transfers \u2013 sicher, p\u00fcnktlich und komfortabel.\",\"publisher\":{\"@id\":\"https:\/\/joyplus.at\/en\/#organization\"},\"alternateName\":\"Joyplus.at\",\"potentialAction\":[{\"@type\":\"SearchAction\",\"target\":{\"@type\":\"EntryPoint\",\"urlTemplate\":\"https:\/\/joyplus.at\/en\/?s={search_term_string}\"},\"query-input\":{\"@type\":\"PropertyValueSpecification\",\"valueRequired\":true,\"valueName\":\"search_term_string\"}}],\"inLanguage\":\"en-US\"},{\"@type\":\"Organization\",\"@id\":\"https:\/\/joyplus.at\/en\/#organization\",\"name\":\"Joyplus\",\"alternateName\":\"Joyplus AT\",\"url\":\"https:\/\/joyplus.at\/en\/\",\"logo\":{\"@type\":\"ImageObject\",\"inLanguage\":\"en-US\",\"@id\":\"https:\/\/joyplus.at\/en\/#\/schema\/logo\/image\/\",\"url\":\"https:\/\/joyplus.at\/wp-content\/uploads\/2024\/12\/Joyplus-Logo-weiss.png\",\"contentUrl\":\"https:\/\/joyplus.at\/wp-content\/uploads\/2024\/12\/Joyplus-Logo-weiss.png\",\"width\":765,\"height\":288,\"caption\":\"Joyplus\"},\"image\":{\"@id\":\"https:\/\/joyplus.at\/en\/#\/schema\/logo\/image\/\"},\"sameAs\":[\"https:\/\/www.facebook.com\/people\/JoyplusAustria\/61570011538878\/\"],\"description\":\"Joyplus ist Ihr zuverl\u00e4ssiger Partner f\u00fcr Taxi- und VIP-Transfers. Wir bieten sichere, p\u00fcnktliche und komfortable Fahrdienste in [Stadt\/Region]. Unser Service richtet sich an Privat- und Gesch\u00e4ftskunden, die Wert auf Qualit\u00e4t legen.\",\"email\":\"kontakt@joyplus.at\",\"numberOfEmployees\":{\"@type\":\"QuantitativeValue\",\"minValue\":\"11\",\"maxValue\":\"50\"},\"publishingPrinciples\":\"https:\/\/joyplus.at\/start-ziel-salzburg\/\",\"ownershipFundingInfo\":\"https:\/\/joyplus.at\/booking-2\/\"}]}<\/script>\n<!-- \/ Yoast SEO Premium plugin. -->","yoast_head_json":{"title":"Imprint &#183; Joyplus","robots":{"index":"index","follow":"follow","max-snippet":"max-snippet:-1","max-image-preview":"max-image-preview:large","max-video-preview":"max-video-preview:-1"},"canonical":"https:\/\/joyplus.at\/en\/imprint\/","og_locale":"en_US","og_type":"article","og_title":"Imprint","og_description":"Responsible for the content: JOYPLUS &#8211; Chauffeurservice Owner: Ahmad ShikhaniJosef-Weinheber-Stra\u00dfe 8a 5204 Stra\u00dfwalchen +43 66499433133 Info@joyplus.at www.joyplus.at Transparency &amp; responsibilityJoyPlus stands for the highest quality, discretion and reliability in the field of chauffeur and transfer services. As a licensed company with an officially certified business license, we comply with all legal requirements in Austria and... Read More","og_url":"https:\/\/joyplus.at\/en\/imprint\/","og_site_name":"Joyplus","article_publisher":"https:\/\/www.facebook.com\/people\/JoyplusAustria\/61570011538878\/","article_modified_time":"2026-01-05T21:55:53+00:00","og_image":[{"url":"https:\/\/i0.wp.com\/joyplus.at\/wp-content\/uploads\/2025\/09\/Impressum-3-scaled.png?fit=960%2C288&amp;ssl=1","type":"","width":"","height":""}],"twitter_card":"summary_large_image","twitter_misc":{"Est. reading time":"1 minute"},"schema":{"@context":"https:\/\/schema.org","@graph":[{"@type":"WebPage","@id":"https:\/\/joyplus.at\/en\/imprint\/","url":"https:\/\/joyplus.at\/en\/imprint\/","name":"Imprint &#183; Joyplus","isPartOf":{"@id":"https:\/\/joyplus.at\/en\/#website"},"primaryImageOfPage":{"@id":"https:\/\/joyplus.at\/en\/imprint\/#primaryimage"},"image":{"@id":"https:\/\/joyplus.at\/en\/imprint\/#primaryimage"},"thumbnailUrl":"https:\/\/i0.wp.com\/joyplus.at\/wp-content\/uploads\/2025\/09\/Impressum-3-scaled.png?fit=960%2C288&amp;ssl=1","datePublished":"2025-09-30T05:33:09+00:00","dateModified":"2026-01-05T21:55:53+00:00","breadcrumb":{"@id":"https:\/\/joyplus.at\/en\/imprint\/#breadcrumb"},"inLanguage":"en-US","potentialAction":[{"@type":"ReadAction","target":["https:\/\/joyplus.at\/en\/imprint\/"]}]},{"@type":"ImageObject","inLanguage":"en-US","@id":"https:\/\/joyplus.at\/en\/imprint\/#primaryimage","url":"https:\/\/i0.wp.com\/joyplus.at\/wp-content\/uploads\/2025\/09\/Impressum-3-scaled.png?fit=960%2C288&amp;ssl=1","contentUrl":"https:\/\/i0.wp.com\/joyplus.at\/wp-content\/uploads\/2025\/09\/Impressum-3-scaled.png?fit=960%2C288&amp;ssl=1"},{"@type":"BreadcrumbList","@id":"https:\/\/joyplus.at\/en\/imprint\/#breadcrumb","itemListElement":[{"@type":"ListItem","position":1,"name":"Home","item":"https:\/\/joyplus.at\/en\/"},{"@type":"ListItem","position":2,"name":"Imprint"}]},{"@type":"WebSite","@id":"https:\/\/joyplus.at\/en\/#website","url":"https:\/\/joyplus.at\/en\/","name":"Joyplus","description":"Professionelle Taxi- und VIP-Transfers \u2013 sicher, p\u00fcnktlich und komfortabel.","publisher":{"@id":"https:\/\/joyplus.at\/en\/#organization"},"alternateName":"Joyplus.at","potentialAction":[{"@type":"SearchAction","target":{"@type":"EntryPoint","urlTemplate":"https:\/\/joyplus.at\/en\/?s={search_term_string}"},"query-input":{"@type":"PropertyValueSpecification","valueRequired":true,"valueName":"search_term_string"}}],"inLanguage":"en-US"},{"@type":"Organization","@id":"https:\/\/joyplus.at\/en\/#organization","name":"Joyplus","alternateName":"Joyplus AT","url":"https:\/\/joyplus.at\/en\/","logo":{"@type":"ImageObject","inLanguage":"en-US","@id":"https:\/\/joyplus.at\/en\/#\/schema\/logo\/image\/","url":"https:\/\/joyplus.at\/wp-content\/uploads\/2024\/12\/Joyplus-Logo-weiss.png","contentUrl":"https:\/\/joyplus.at\/wp-content\/uploads\/2024\/12\/Joyplus-Logo-weiss.png","width":765,"height":288,"caption":"Joyplus"},"image":{"@id":"https:\/\/joyplus.at\/en\/#\/schema\/logo\/image\/"},"sameAs":["https:\/\/www.facebook.com\/people\/JoyplusAustria\/61570011538878\/"],"description":"Joyplus ist Ihr zuverl\u00e4ssiger Partner f\u00fcr Taxi- und VIP-Transfers. Wir bieten sichere, p\u00fcnktliche und komfortable Fahrdienste in [Stadt\/Region]. Unser Service richtet sich an Privat- und Gesch\u00e4ftskunden, die Wert auf Qualit\u00e4t legen.","email":"kontakt@joyplus.at","numberOfEmployees":{"@type":"QuantitativeValue","minValue":"11","maxValue":"50"},"publishingPrinciples":"https:\/\/joyplus.at\/start-ziel-salzburg\/","ownershipFundingInfo":"https:\/\/joyplus.at\/booking-2\/"}]}},"jetpack_sharing_enabled":true,"jetpack_shortlink":"https:\/\/wp.me\/PgkPC4-9Ys","_links":{"self":[{"href":"https:\/\/joyplus.at\/en\/wp-json\/wp\/v2\/pages\/38344","targetHints":{"allow":["GET"]}}],"collection":[{"href":"https:\/\/joyplus.at\/en\/wp-json\/wp\/v2\/pages"}],"about":[{"href":"https:\/\/joyplus.at\/en\/wp-json\/wp\/v2\/types\/page"}],"author":[{"embeddable":true,"href":"https:\/\/joyplus.at\/en\/wp-json\/wp\/v2\/users\/1"}],"replies":[{"embeddable":true,"href":"https:\/\/joyplus.at\/en\/wp-json\/wp\/v2\/comments?post=38344"}],"version-history":[{"count":2,"href":"https:\/\/joyplus.at\/en\/wp-json\/wp\/v2\/pages\/38344\/revisions"}],"predecessor-version":[{"id":38353,"href":"https:\/\/joyplus.at\/en\/wp-json\/wp\/v2\/pages\/38344\/revisions\/38353"}],"wp:attachment":[{"href":"https:\/\/joyplus.at\/en\/wp-json\/wp\/v2\/media?parent=38344"}],"curies":[{"name":"wp","href":"https:\/\/api.w.org\/{rel}","templated":true}]}}